{"id":1990,"date":"2022-10-20T17:45:59","date_gmt":"2022-10-20T17:45:59","guid":{"rendered":"https:\/\/depresjaodkuchni.pl\/?page_id=1990"},"modified":"2022-10-30T11:38:50","modified_gmt":"2022-10-30T11:38:50","slug":"dostepnosc","status":"publish","type":"page","link":"https:\/\/depresjaodkuchni.pl\/index.php\/dostepnosc\/","title":{"rendered":"Dost\u0119pno\u015b\u0107"},"content":{"rendered":"\t\t<div data-elementor-type=\"wp-page\" data-elementor-id=\"1990\" class=\"elementor elementor-1990\">\n\t\t\t\t<div class=\"elementor-element elementor-element-8eefd44 e-flex e-con-boxed e-con e-parent\" data-id=\"8eefd44\" data-element_type=\"container\" data-settings=\"{&quot;background_background&quot;:&quot;classic&quot;}\">\n\t\t\t\t\t<div class=\"e-con-inner\">\n\t\t\t\t\t<\/div>\n\t\t\t\t<\/div>\n\t\t<div class=\"elementor-element elementor-element-c45e14f e-flex e-con-boxed e-con e-parent\" data-id=\"c45e14f\" data-element_type=\"container\" data-settings=\"{&quot;background_background&quot;:&quot;classic&quot;}\">\n\t\t\t\t\t<div class=\"e-con-inner\">\n\t\t<div class=\"elementor-element elementor-element-de85100 e-flex e-con-boxed e-con e-parent\" data-id=\"de85100\" data-element_type=\"container\">\n\t\t\t\t\t<div class=\"e-con-inner\">\n\t\t\t\t<div class=\"elementor-element elementor-element-e03c918 elementor-widget__width-initial elementor-widget elementor-widget-text-editor\" data-id=\"e03c918\" data-element_type=\"widget\" data-widget_type=\"text-editor.default\">\n\t\t\t\t<div class=\"elementor-widget-container\">\n\t\t\t\t\t\t\t\t\t<p>dost\u0119pno\u015b\u0107 warsztat\u00f3w kulinarnych<\/p>\t\t\t\t\t\t\t\t<\/div>\n\t\t\t\t<\/div>\n\t\t<div class=\"elementor-element elementor-element-c01c733 e-flex e-con-boxed e-con e-parent\" data-id=\"c01c733\" data-element_type=\"container\">\n\t\t\t\t\t<div class=\"e-con-inner\">\n\t\t\t\t<div class=\"elementor-element elementor-element-f0a9ebb elementor-widget elementor-widget-image\" data-id=\"f0a9ebb\" data-element_type=\"widget\" data-widget_type=\"image.default\">\n\t\t\t\t<div class=\"elementor-widget-container\">\n\t\t\t\t\t\t\t\t\t\t\t\t\t\t\t<img decoding=\"async\" src=\"https:\/\/depresjaodkuchni.pl\/wp-content\/uploads\/elementor\/thumbs\/gwiazdka_green-01-pwlmrhca75ianvopa1yt8o6p6hqo8lmr3aco30xmds.png\" title=\"gwiazdka_green-01\" alt=\"gwiazdka_green-01\" loading=\"lazy\" \/>\t\t\t\t\t\t\t\t\t\t\t\t\t\t\t<\/div>\n\t\t\t\t<\/div>\n\t\t\t\t<div class=\"elementor-element elementor-element-d89d252 elementor-widget elementor-widget-text-editor\" data-id=\"d89d252\" data-element_type=\"widget\" data-widget_type=\"text-editor.default\">\n\t\t\t\t<div class=\"elementor-widget-container\">\n\t\t\t\t\t\t\t\t\t<p>wej\u015bcie<\/p>\t\t\t\t\t\t\t\t<\/div>\n\t\t\t\t<\/div>\n\t\t\t\t\t<\/div>\n\t\t\t\t<\/div>\n\t\t\t\t<div class=\"elementor-element elementor-element-e0d9ce7 elementor-widget elementor-widget-text-editor\" data-id=\"e0d9ce7\" data-element_type=\"widget\" data-widget_type=\"text-editor.default\">\n\t\t\t\t<div class=\"elementor-widget-container\">\n\t\t\t\t\t\t\t\t\t<p>Warsztaty kulinarne odbywaj\u0105 si\u0119 w Akademii Kulinarnej K5 przy ulicy Kaczewskiej 24 w Gdyni.<\/p><p>Wej\u015bcie do budynku znajduje si\u0119 na poziomie 0 na rogu ulic Stryjskiej i Legion\u00f3w, dost\u0119p dla w\u00f3zk\u00f3w chodnikiem od ulicy Legion\u00f3w.<\/p>\t\t\t\t\t\t\t\t<\/div>\n\t\t\t\t<\/div>\n\t\t<div class=\"elementor-element elementor-element-3f4620a e-flex e-con-boxed e-con e-parent\" data-id=\"3f4620a\" data-element_type=\"container\">\n\t\t\t\t\t<div class=\"e-con-inner\">\n\t\t\t\t<div class=\"elementor-element elementor-element-56a702c elementor-widget elementor-widget-image\" data-id=\"56a702c\" data-element_type=\"widget\" data-widget_type=\"image.default\">\n\t\t\t\t<div class=\"elementor-widget-container\">\n\t\t\t\t\t\t\t\t\t\t\t\t\t\t\t<img decoding=\"async\" src=\"https:\/\/depresjaodkuchni.pl\/wp-content\/uploads\/elementor\/thumbs\/gwiazdka_green-01-pwlmrhca75ianvopa1yt8o6p6hqo8lmr3aco30xmds.png\" title=\"gwiazdka_green-01\" alt=\"gwiazdka_green-01\" loading=\"lazy\" \/>\t\t\t\t\t\t\t\t\t\t\t\t\t\t\t<\/div>\n\t\t\t\t<\/div>\n\t\t\t\t<div class=\"elementor-element elementor-element-1648fca elementor-widget elementor-widget-text-editor\" data-id=\"1648fca\" data-element_type=\"widget\" data-widget_type=\"text-editor.default\">\n\t\t\t\t<div class=\"elementor-widget-container\">\n\t\t\t\t\t\t\t\t\t<p>miejsca parkingowe<\/p>\t\t\t\t\t\t\t\t<\/div>\n\t\t\t\t<\/div>\n\t\t\t\t\t<\/div>\n\t\t\t\t<\/div>\n\t\t\t\t<div class=\"elementor-element elementor-element-ea7848c elementor-widget elementor-widget-text-editor\" data-id=\"ea7848c\" data-element_type=\"widget\" data-widget_type=\"text-editor.default\">\n\t\t\t\t<div class=\"elementor-widget-container\">\n\t\t\t\t\t\t\t\t\t<p>Najbli\u017csze wyznaczone miejsca parkingowe dla os\u00f3b niepe\u0142nosprawnych znajduj\u0105 si\u0119:<\/p><ul><li>przy budynku, od strony ulicy Stryjskiej, 1 miejsce parkingowe<\/li><li>na ty\u0142ach budynku, od strony ul. Kaczewskiej, 1 miejsce parkingowe<\/li><li>na przeciwko lokalu, przy ulicy Legion\u00f3w, 1 miejsce parkingowe<\/li><\/ul>\t\t\t\t\t\t\t\t<\/div>\n\t\t\t\t<\/div>\n\t\t<div class=\"elementor-element elementor-element-783b6f1 e-flex e-con-boxed e-con e-parent\" data-id=\"783b6f1\" data-element_type=\"container\">\n\t\t\t\t\t<div class=\"e-con-inner\">\n\t\t\t\t<div class=\"elementor-element elementor-element-3fe165f elementor-widget elementor-widget-image\" data-id=\"3fe165f\" data-element_type=\"widget\" data-widget_type=\"image.default\">\n\t\t\t\t<div class=\"elementor-widget-container\">\n\t\t\t\t\t\t\t\t\t\t\t\t\t\t\t<img decoding=\"async\" src=\"https:\/\/depresjaodkuchni.pl\/wp-content\/uploads\/elementor\/thumbs\/gwiazdka_green-01-pwlmrhca75ianvopa1yt8o6p6hqo8lmr3aco30xmds.png\" title=\"gwiazdka_green-01\" alt=\"gwiazdka_green-01\" loading=\"lazy\" \/>\t\t\t\t\t\t\t\t\t\t\t\t\t\t\t<\/div>\n\t\t\t\t<\/div>\n\t\t\t\t<div class=\"elementor-element elementor-element-44e9ec2 elementor-widget elementor-widget-text-editor\" data-id=\"44e9ec2\" data-element_type=\"widget\" data-widget_type=\"text-editor.default\">\n\t\t\t\t<div class=\"elementor-widget-container\">\n\t\t\t\t\t\t\t\t\t<p>dost\u0119pno\u015b\u0107 we wn\u0119trzu<\/p>\t\t\t\t\t\t\t\t<\/div>\n\t\t\t\t<\/div>\n\t\t\t\t\t<\/div>\n\t\t\t\t<\/div>\n\t\t\t\t<div class=\"elementor-element elementor-element-80fcf26 elementor-widget elementor-widget-text-editor\" data-id=\"80fcf26\" data-element_type=\"widget\" data-widget_type=\"text-editor.default\">\n\t\t\t\t<div class=\"elementor-widget-container\">\n\t\t\t\t\t\t\t\t\t<p>Lokal w ca\u0142o\u015bci znajduje si\u0119 na poziomie 0 &#8211; wewn\u0105trz lokalu brak utrudnie\u0144 w postaci schod\u00f3w lub r\u00f3\u017cnic terenu.<\/p><p>Niestety przestrze\u0144 warsztatowa nie jest w pe\u0142ni przystosowana dla os\u00f3b poruszaj\u0105cych si\u0119 na w\u00f3zkach inwalidzkich &#8211; blaty, p\u0142yty indukcyjne oraz zlewy umieszczone s\u0105 na wysoko\u015bci 90cm, przej\u015bcia wynosz\u0105 122cm, a w niekt\u00f3rych miejscach 95cm. Pragniemy jednak zadba\u0107 o mo\u017cliwie jak najwi\u0119ksze w\u0142\u0105czenie os\u00f3b poruszaj\u0105cych si\u0119 na w\u00f3zkach do wsp\u00f3lnego gotowania.<\/p><p>Istnieje mo\u017cliwo\u015b\u0107 dostawienia ni\u017cszego blatu roboczego oraz wydzielenie zada\u0144, kt\u00f3re nie wymagaj\u0105 u\u017cycia p\u0142yt indukcyjnych czy zmywarek.<\/p><p>Nasza toaleta nie jest przystosowana dla os\u00f3b niepe\u0142nosprawnych.<\/p><p>Je\u015bli poruszasz si\u0119 na w\u00f3zku inwalidzkim i chcesz wzi\u0105\u0107 udzia\u0142 w warsztatach &#8211; powiadom nas wcze\u015bniej mailowo. Chcemy jak najlepiej przygotowa\u0107 si\u0119 na Twoje przybycie!<\/p><p>Na miejscu brak dostosowa\u0144 dla os\u00f3b s\u0142abowidz\u0105cych i s\u0142abos\u0142ysz\u0105cych w postaci p\u0119tli indukcyjnych, \u015bcie\u017cek dotykowych czy plan\u00f3w tyflograficznych.<\/p><p>Brak mo\u017cliwo\u015bci skorzystania z t\u0142umacza j\u0119zyka migowego.<\/p><p><strong>Podczas warsztat\u00f3w istnieje ryzyko wyst\u0105pienia intensywnych zapach\u00f3w, ha\u0142asu, podwy\u017cszonej temperatury w pomieszczeniu czy pary. Je\u015bli podczas warsztat\u00f3w poczujesz si\u0119 niekomfortowo &#8211; poinformuj nas! Postaramy si\u0119 zrobi\u0107 wszystko, by zadba\u0107 o Twoje potrzeby!<\/strong><\/p>\t\t\t\t\t\t\t\t<\/div>\n\t\t\t\t<\/div>\n\t\t\t\t\t<\/div>\n\t\t\t\t<\/div>\n\t\t\t\t\t<\/div>\n\t\t\t\t<\/div>\n\t\t\t\t<\/div>\n\t\t","protected":false},"excerpt":{"rendered":"<p>dost\u0119pno\u015b\u0107 warsztat\u00f3w kulinarnych wej\u015bcie Warsztaty kulinarne odbywaj\u0105 si\u0119 w Akademii Kulinarnej K5 przy ulicy Kaczewskiej 24 w Gdyni. Wej\u015bcie do budynku znajduje si\u0119 na poziomie 0 na rogu ulic Stryjskiej i Legion\u00f3w, dost\u0119p dla w\u00f3zk\u00f3w chodnikiem od ulicy Legion\u00f3w. miejsca parkingowe Najbli\u017csze wyznaczone miejsca parkingowe dla os\u00f3b niepe\u0142nosprawnych znajduj\u0105 si\u0119: przy budynku, od strony ulicy [&hellip;]<\/p>\n","protected":false},"author":1,"featured_media":0,"parent":0,"menu_order":0,"comment_status":"closed","ping_status":"closed","template":"","meta":{"footnotes":""},"class_list":["post-1990","page","type-page","status-publish","hentry"],"blocksy_meta":{"page_title_panel":"","has_hero_section":"disabled","a021d615acb00704d22a215bb20821ff":"","hero_section":"type-1","hero_elements":[{"id":"custom_title","enabled":true,"heading_tag":"h1","title":"Home"},{"id":"custom_description","enabled":true,"description_visibility":{"desktop":true,"tablet":true,"mobile":false}},{"id":"custom_meta","enabled":false,"meta_elements":[{"id":"author","enabled":true,"label":"By","has_author_avatar":"yes","avatar_size":25},{"id":"post_date","enabled":true,"label":"On","date_format_source":"default","date_format":"M j, Y"},{"id":"comments","enabled":true}],"page_meta_elements":{"joined":true,"articles_count":true,"comments":true}},{"id":"breadcrumbs","enabled":false}],"d0505c9bc2c3a100918983b7672c5e6d":"","hero_alignment1":"left","hero_alignment2":"center","hero_vertical_alignment":"center","69a73150cebfaece67402936f1c0455f":"","hero_structure":"narrow","bd1080d581870d75437a0aec7ce14d23":"","page_title_bg_type":"featured_image","custom_hero_background":{"attachment_id":null},"parallax":{"desktop":false,"tablet":false,"mobile":false},"a45ed0d64b9a771c158335017296bd80":"","hero_height":"250px","pageTitleFont":{"family":"Default","variation":"Default","size":{"desktop":"32px","tablet":"30px","mobile":"25px"},"line-height":"CT_CSS_SKIP_RULE","letter-spacing":"CT_CSS_SKIP_RULE","text-transform":"CT_CSS_SKIP_RULE","text-decoration":"CT_CSS_SKIP_RULE"},"pageTitleFontColor":{"default":{"color":"CT_CSS_SKIP_RULEDEFAULT"}},"pageMetaFont":{"family":"Default","variation":"n6","size":{"desktop":"12px","tablet":"12px","mobile":"12px"},"line-height":"1.3","letter-spacing":"CT_CSS_SKIP_RULE","text-transform":"uppercase","text-decoration":"CT_CSS_SKIP_RULE"},"pageMetaFontColor":{"default":{"color":"CT_CSS_SKIP_RULEDEFAULT"},"hover":{"color":"CT_CSS_SKIP_RULEDEFAULT"}},"pageExcerptFont":{"family":"Default","variation":"Default","size":"CT_CSS_SKIP_RULE","line-height":"CT_CSS_SKIP_RULE","letter-spacing":"CT_CSS_SKIP_RULE","text-transform":"CT_CSS_SKIP_RULE","text-decoration":"CT_CSS_SKIP_RULE"},"pageExcerptColor":{"default":{"color":"CT_CSS_SKIP_RULEDEFAULT"}},"breadcrumbsFont":{"family":"Default","variation":"n6","size":"12px","line-height":"CT_CSS_SKIP_RULE","letter-spacing":"CT_CSS_SKIP_RULE","text-transform":"uppercase","text-decoration":"CT_CSS_SKIP_RULE"},"breadcrumbsFontColor":{"default":{"color":"CT_CSS_SKIP_RULEDEFAULT"},"initial":{"color":"CT_CSS_SKIP_RULEDEFAULT"},"hover":{"color":"CT_CSS_SKIP_RULEDEFAULT"}},"pageTitleOverlay":{"default":{"color":"rgba(41, 51, 60, 0.2)"}},"pageTitleBackground":{"background_type":"color","background_pattern":"type-1","background_image":{"attachment_id":null,"x":0,"y":0},"background_repeat":"no-repeat","background_size":"auto","background_attachment":"scroll","patternColor":{"default":{"color":"#e5e7ea"}},"backgroundColor":{"default":{"color":"#EDEFF2"}}},"c0700eea2d5f2a79943114245d9b0d3c":"","page_structure_type":"default","content_style":"inherit","vertical_spacing_source":"custom","content_area_spacing":"none","background":{"background_type":"color","background_pattern":"type-1","background_image":{"attachment_id":null,"x":0,"y":0},"background_repeat":"no-repeat","background_size":"auto","background_attachment":"scroll","patternColor":{"default":{"color":"#e5e7ea"}},"backgroundColor":{"default":{"color":"CT_CSS_SKIP_RULE"}}},"content_background":{"background_type":"color","background_pattern":"type-1","background_image":{"attachment_id":null,"x":0,"y":0},"background_repeat":"no-repeat","background_size":"auto","background_attachment":"scroll","patternColor":{"default":{"color":"#e5e7ea"}},"backgroundColor":{"default":{"color":"#ffffff"}}},"content_boxed_spacing":{"desktop":"40px","tablet":"35px","mobile":"20px"},"content_boxed_radius":{"top":"3px","bottom":"3px","left":"3px","right":"3px","linked":true},"content_boxed_shadow":{"blur":18,"spread":-6,"v_offset":12,"h_offset":0,"inset":false,"enable":true,"color":{"color":"rgba(34, 56, 101, 0.04)"}},"05c14464af83440d2458a3b59cd3c7c8":"","disable_featured_image":"no","disable_header":"no","disable_footer":"no","styles_descriptor":{"styles":{"desktop":"","tablet":"","mobile":""},"google_fonts":[],"version":6}},"yoast_head":"<!-- This site is optimized with the Yoast SEO plugin v24.8.1 - https:\/\/yoast.com\/wordpress\/plugins\/seo\/ -->\n<title>Dost\u0119pno\u015b\u0107 - Depresja od kuchni<\/title>\n<meta name=\"robots\" content=\"index, follow, max-snippet:-1, max-image-preview:large, max-video-preview:-1\" \/>\n<link rel=\"canonical\" href=\"https:\/\/depresjaodkuchni.pl\/index.php\/dostepnosc\/\" \/>\n<meta property=\"og:locale\" content=\"pl_PL\" \/>\n<meta property=\"og:type\" content=\"article\" \/>\n<meta property=\"og:title\" content=\"Dost\u0119pno\u015b\u0107 - Depresja od kuchni\" \/>\n<meta property=\"og:description\" content=\"dost\u0119pno\u015b\u0107 warsztat\u00f3w kulinarnych wej\u015bcie Warsztaty kulinarne odbywaj\u0105 si\u0119 w Akademii Kulinarnej K5 przy ulicy Kaczewskiej 24 w Gdyni. Wej\u015bcie do budynku znajduje si\u0119 na poziomie 0 na rogu ulic Stryjskiej i Legion\u00f3w, dost\u0119p dla w\u00f3zk\u00f3w chodnikiem od ulicy Legion\u00f3w. miejsca parkingowe Najbli\u017csze wyznaczone miejsca parkingowe dla os\u00f3b niepe\u0142nosprawnych znajduj\u0105 si\u0119: przy budynku, od strony ulicy [&hellip;]\" \/>\n<meta property=\"og:url\" content=\"https:\/\/depresjaodkuchni.pl\/index.php\/dostepnosc\/\" \/>\n<meta property=\"og:site_name\" content=\"Depresja od kuchni\" \/>\n<meta property=\"article:modified_time\" content=\"2022-10-30T11:38:50+00:00\" \/>\n<meta property=\"og:image\" content=\"https:\/\/depresjaodkuchni.pl\/wp-content\/uploads\/elementor\/thumbs\/gwiazdka_green-01-pwlmrhca75ianvopa1yt8o6p6hqo8lmr3aco30xmds.png\" \/>\n<meta name=\"twitter:card\" content=\"summary_large_image\" \/>\n<meta name=\"twitter:label1\" content=\"Szacowany czas czytania\" \/>\n\t<meta name=\"twitter:data1\" content=\"2 minuty\" \/>\n<script type=\"application\/ld+json\" class=\"yoast-schema-graph\">{\"@context\":\"https:\/\/schema.org\",\"@graph\":[{\"@type\":\"WebPage\",\"@id\":\"https:\/\/depresjaodkuchni.pl\/index.php\/dostepnosc\/\",\"url\":\"https:\/\/depresjaodkuchni.pl\/index.php\/dostepnosc\/\",\"name\":\"Dost\u0119pno\u015b\u0107 - Depresja od kuchni\",\"isPartOf\":{\"@id\":\"https:\/\/depresjaodkuchni.pl\/#website\"},\"primaryImageOfPage\":{\"@id\":\"https:\/\/depresjaodkuchni.pl\/index.php\/dostepnosc\/#primaryimage\"},\"image\":{\"@id\":\"https:\/\/depresjaodkuchni.pl\/index.php\/dostepnosc\/#primaryimage\"},\"thumbnailUrl\":\"https:\/\/depresjaodkuchni.pl\/wp-content\/uploads\/elementor\/thumbs\/gwiazdka_green-01-pwlmrhca75ianvopa1yt8o6p6hqo8lmr3aco30xmds.png\",\"datePublished\":\"2022-10-20T17:45:59+00:00\",\"dateModified\":\"2022-10-30T11:38:50+00:00\",\"breadcrumb\":{\"@id\":\"https:\/\/depresjaodkuchni.pl\/index.php\/dostepnosc\/#breadcrumb\"},\"inLanguage\":\"pl-PL\",\"potentialAction\":[{\"@type\":\"ReadAction\",\"target\":[\"https:\/\/depresjaodkuchni.pl\/index.php\/dostepnosc\/\"]}]},{\"@type\":\"ImageObject\",\"inLanguage\":\"pl-PL\",\"@id\":\"https:\/\/depresjaodkuchni.pl\/index.php\/dostepnosc\/#primaryimage\",\"url\":\"https:\/\/depresjaodkuchni.pl\/wp-content\/uploads\/elementor\/thumbs\/gwiazdka_green-01-pwlmrhca75ianvopa1yt8o6p6hqo8lmr3aco30xmds.png\",\"contentUrl\":\"https:\/\/depresjaodkuchni.pl\/wp-content\/uploads\/elementor\/thumbs\/gwiazdka_green-01-pwlmrhca75ianvopa1yt8o6p6hqo8lmr3aco30xmds.png\"},{\"@type\":\"BreadcrumbList\",\"@id\":\"https:\/\/depresjaodkuchni.pl\/index.php\/dostepnosc\/#breadcrumb\",\"itemListElement\":[{\"@type\":\"ListItem\",\"position\":1,\"name\":\"Strona g\u0142\u00f3wna\",\"item\":\"https:\/\/depresjaodkuchni.pl\/\"},{\"@type\":\"ListItem\",\"position\":2,\"name\":\"Dost\u0119pno\u015b\u0107\"}]},{\"@type\":\"WebSite\",\"@id\":\"https:\/\/depresjaodkuchni.pl\/#website\",\"url\":\"https:\/\/depresjaodkuchni.pl\/\",\"name\":\"Depresja od kuchni\",\"description\":\"Poznaj depresj\u0119 od kuchni!\",\"publisher\":{\"@id\":\"https:\/\/depresjaodkuchni.pl\/#organization\"},\"potentialAction\":[{\"@type\":\"SearchAction\",\"target\":{\"@type\":\"EntryPoint\",\"urlTemplate\":\"https:\/\/depresjaodkuchni.pl\/?s={search_term_string}\"},\"query-input\":{\"@type\":\"PropertyValueSpecification\",\"valueRequired\":true,\"valueName\":\"search_term_string\"}}],\"inLanguage\":\"pl-PL\"},{\"@type\":\"Organization\",\"@id\":\"https:\/\/depresjaodkuchni.pl\/#organization\",\"name\":\"Depresja od kuchni\",\"url\":\"https:\/\/depresjaodkuchni.pl\/\",\"logo\":{\"@type\":\"ImageObject\",\"inLanguage\":\"pl-PL\",\"@id\":\"https:\/\/depresjaodkuchni.pl\/#\/schema\/logo\/image\/\",\"url\":\"https:\/\/depresjaodkuchni.pl\/wp-content\/uploads\/2022\/10\/logo-01.png\",\"contentUrl\":\"https:\/\/depresjaodkuchni.pl\/wp-content\/uploads\/2022\/10\/logo-01.png\",\"width\":800,\"height\":600,\"caption\":\"Depresja od kuchni\"},\"image\":{\"@id\":\"https:\/\/depresjaodkuchni.pl\/#\/schema\/logo\/image\/\"}}]}<\/script>\n<!-- \/ Yoast SEO plugin. -->","yoast_head_json":{"title":"Dost\u0119pno\u015b\u0107 - Depresja od kuchni","robots":{"index":"index","follow":"follow","max-snippet":"max-snippet:-1","max-image-preview":"max-image-preview:large","max-video-preview":"max-video-preview:-1"},"canonical":"https:\/\/depresjaodkuchni.pl\/index.php\/dostepnosc\/","og_locale":"pl_PL","og_type":"article","og_title":"Dost\u0119pno\u015b\u0107 - Depresja od kuchni","og_description":"dost\u0119pno\u015b\u0107 warsztat\u00f3w kulinarnych wej\u015bcie Warsztaty kulinarne odbywaj\u0105 si\u0119 w Akademii Kulinarnej K5 przy ulicy Kaczewskiej 24 w Gdyni. Wej\u015bcie do budynku znajduje si\u0119 na poziomie 0 na rogu ulic Stryjskiej i Legion\u00f3w, dost\u0119p dla w\u00f3zk\u00f3w chodnikiem od ulicy Legion\u00f3w. miejsca parkingowe Najbli\u017csze wyznaczone miejsca parkingowe dla os\u00f3b niepe\u0142nosprawnych znajduj\u0105 si\u0119: przy budynku, od strony ulicy [&hellip;]","og_url":"https:\/\/depresjaodkuchni.pl\/index.php\/dostepnosc\/","og_site_name":"Depresja od kuchni","article_modified_time":"2022-10-30T11:38:50+00:00","og_image":[{"url":"https:\/\/depresjaodkuchni.pl\/wp-content\/uploads\/elementor\/thumbs\/gwiazdka_green-01-pwlmrhca75ianvopa1yt8o6p6hqo8lmr3aco30xmds.png","type":"","width":"","height":""}],"twitter_card":"summary_large_image","twitter_misc":{"Szacowany czas czytania":"2 minuty"},"schema":{"@context":"https:\/\/schema.org","@graph":[{"@type":"WebPage","@id":"https:\/\/depresjaodkuchni.pl\/index.php\/dostepnosc\/","url":"https:\/\/depresjaodkuchni.pl\/index.php\/dostepnosc\/","name":"Dost\u0119pno\u015b\u0107 - Depresja od kuchni","isPartOf":{"@id":"https:\/\/depresjaodkuchni.pl\/#website"},"primaryImageOfPage":{"@id":"https:\/\/depresjaodkuchni.pl\/index.php\/dostepnosc\/#primaryimage"},"image":{"@id":"https:\/\/depresjaodkuchni.pl\/index.php\/dostepnosc\/#primaryimage"},"thumbnailUrl":"https:\/\/depresjaodkuchni.pl\/wp-content\/uploads\/elementor\/thumbs\/gwiazdka_green-01-pwlmrhca75ianvopa1yt8o6p6hqo8lmr3aco30xmds.png","datePublished":"2022-10-20T17:45:59+00:00","dateModified":"2022-10-30T11:38:50+00:00","breadcrumb":{"@id":"https:\/\/depresjaodkuchni.pl\/index.php\/dostepnosc\/#breadcrumb"},"inLanguage":"pl-PL","potentialAction":[{"@type":"ReadAction","target":["https:\/\/depresjaodkuchni.pl\/index.php\/dostepnosc\/"]}]},{"@type":"ImageObject","inLanguage":"pl-PL","@id":"https:\/\/depresjaodkuchni.pl\/index.php\/dostepnosc\/#primaryimage","url":"https:\/\/depresjaodkuchni.pl\/wp-content\/uploads\/elementor\/thumbs\/gwiazdka_green-01-pwlmrhca75ianvopa1yt8o6p6hqo8lmr3aco30xmds.png","contentUrl":"https:\/\/depresjaodkuchni.pl\/wp-content\/uploads\/elementor\/thumbs\/gwiazdka_green-01-pwlmrhca75ianvopa1yt8o6p6hqo8lmr3aco30xmds.png"},{"@type":"BreadcrumbList","@id":"https:\/\/depresjaodkuchni.pl\/index.php\/dostepnosc\/#breadcrumb","itemListElement":[{"@type":"ListItem","position":1,"name":"Strona g\u0142\u00f3wna","item":"https:\/\/depresjaodkuchni.pl\/"},{"@type":"ListItem","position":2,"name":"Dost\u0119pno\u015b\u0107"}]},{"@type":"WebSite","@id":"https:\/\/depresjaodkuchni.pl\/#website","url":"https:\/\/depresjaodkuchni.pl\/","name":"Depresja od kuchni","description":"Poznaj depresj\u0119 od kuchni!","publisher":{"@id":"https:\/\/depresjaodkuchni.pl\/#organization"},"potentialAction":[{"@type":"SearchAction","target":{"@type":"EntryPoint","urlTemplate":"https:\/\/depresjaodkuchni.pl\/?s={search_term_string}"},"query-input":{"@type":"PropertyValueSpecification","valueRequired":true,"valueName":"search_term_string"}}],"inLanguage":"pl-PL"},{"@type":"Organization","@id":"https:\/\/depresjaodkuchni.pl\/#organization","name":"Depresja od kuchni","url":"https:\/\/depresjaodkuchni.pl\/","logo":{"@type":"ImageObject","inLanguage":"pl-PL","@id":"https:\/\/depresjaodkuchni.pl\/#\/schema\/logo\/image\/","url":"https:\/\/depresjaodkuchni.pl\/wp-content\/uploads\/2022\/10\/logo-01.png","contentUrl":"https:\/\/depresjaodkuchni.pl\/wp-content\/uploads\/2022\/10\/logo-01.png","width":800,"height":600,"caption":"Depresja od kuchni"},"image":{"@id":"https:\/\/depresjaodkuchni.pl\/#\/schema\/logo\/image\/"}}]}},"_links":{"self":[{"href":"https:\/\/depresjaodkuchni.pl\/index.php\/wp-json\/wp\/v2\/pages\/1990","targetHints":{"allow":["GET"]}}],"collection":[{"href":"https:\/\/depresjaodkuchni.pl\/index.php\/wp-json\/wp\/v2\/pages"}],"about":[{"href":"https:\/\/depresjaodkuchni.pl\/index.php\/wp-json\/wp\/v2\/types\/page"}],"author":[{"embeddable":true,"href":"https:\/\/depresjaodkuchni.pl\/index.php\/wp-json\/wp\/v2\/users\/1"}],"replies":[{"embeddable":true,"href":"https:\/\/depresjaodkuchni.pl\/index.php\/wp-json\/wp\/v2\/comments?post=1990"}],"version-history":[{"count":206,"href":"https:\/\/depresjaodkuchni.pl\/index.php\/wp-json\/wp\/v2\/pages\/1990\/revisions"}],"predecessor-version":[{"id":5965,"href":"https:\/\/depresjaodkuchni.pl\/index.php\/wp-json\/wp\/v2\/pages\/1990\/revisions\/5965"}],"wp:attachment":[{"href":"https:\/\/depresjaodkuchni.pl\/index.php\/wp-json\/wp\/v2\/media?parent=1990"}],"curies":[{"name":"wp","href":"https:\/\/api.w.org\/{rel}","templated":true}]}}